{"id":29,"date":"2023-06-25T17:33:13","date_gmt":"2023-06-25T15:33:13","guid":{"rendered":"http:\/\/ksealie.cluster027.hosting.ovh.net\/?page_id=29"},"modified":"2023-10-05T23:15:01","modified_gmt":"2023-10-05T21:15:01","slug":"contact","status":"publish","type":"page","link":"https:\/\/fournildestjean.fr\/index.php\/contact\/","title":{"rendered":"Info &#038; contact"},"content":{"rendered":"\t\t<div data-elementor-type=\"wp-page\" data-elementor-id=\"29\" class=\"elementor elementor-29\">\n\t\t\t\t\t\t<section class=\"elementor-section elementor-top-section elementor-element elementor-element-025ed6c elementor-section-boxed elementor-section-height-default elementor-section-height-default\" data-id=\"025ed6c\" data-element_type=\"section\" data-settings=\"{&quot;background_background&quot;:&quot;classic&quot;}\">\n\t\t\t\t\t\t<div class=\"elementor-container elementor-column-gap-default\">\n\t\t\t\t\t<div class=\"elementor-column elementor-col-100 elementor-top-column elementor-element elementor-element-2f3d43a\" data-id=\"2f3d43a\" data-element_type=\"column\" data-settings=\"{&quot;background_background&quot;:&quot;classic&quot;}\">\n\t\t\t<div class=\"elementor-widget-wrap elementor-element-populated\">\n\t\t\t\t\t\t<div class=\"elementor-element elementor-element-800b539 elementor-widget__width-initial elementor-widget elementor-widget-text-editor\" data-id=\"800b539\" data-element_type=\"widget\" data-widget_type=\"text-editor.default\">\n\t\t\t\t<div class=\"elementor-widget-container\">\n\t\t\t\t\t\t\t\t\t<p style=\"text-align: left;\">Vous souhaitez venir au fournil ou commander, vous avez une question, n&rsquo;h\u00e9sitez pas \u00e0 nous contacter !<\/p>\t\t\t\t\t\t\t\t<\/div>\n\t\t\t\t<\/div>\n\t\t\t\t\t<\/div>\n\t\t<\/div>\n\t\t\t\t\t<\/div>\n\t\t<\/section>\n\t\t\t\t<section class=\"elementor-section elementor-top-section elementor-element elementor-element-4654479 elementor-section-height-min-height elementor-section-boxed elementor-section-height-default elementor-section-items-middle\" data-id=\"4654479\" data-element_type=\"section\" data-settings=\"{&quot;background_background&quot;:&quot;classic&quot;}\">\n\t\t\t\t\t\t<div class=\"elementor-container elementor-column-gap-custom\">\n\t\t\t\t\t<div class=\"elementor-column elementor-col-50 elementor-top-column elementor-element elementor-element-03cd2c4\" data-id=\"03cd2c4\" data-element_type=\"column\" data-settings=\"{&quot;background_background&quot;:&quot;classic&quot;}\">\n\t\t\t<div class=\"elementor-widget-wrap elementor-element-populated\">\n\t\t\t\t\t\t<div class=\"elementor-element elementor-element-ef3d548 elementor-widget__width-initial elementor-widget elementor-widget-text-editor\" data-id=\"ef3d548\" data-element_type=\"widget\" data-widget_type=\"text-editor.default\">\n\t\t\t\t<div class=\"elementor-widget-container\">\n\t\t\t\t\t\t\t\t\t<p>Fournil de St Jean<\/p>\t\t\t\t\t\t\t\t<\/div>\n\t\t\t\t<\/div>\n\t\t\t\t<div class=\"elementor-element elementor-element-e295b22 elementor-widget elementor-widget-text-editor\" data-id=\"e295b22\" data-element_type=\"widget\" data-widget_type=\"text-editor.default\">\n\t\t\t\t<div class=\"elementor-widget-container\">\n\t\t\t\t\t\t\t\t\t<p>575 Chemin des Nugues<\/p><p>38430 Saint-Jean-de-Moirans<\/p>\t\t\t\t\t\t\t\t<\/div>\n\t\t\t\t<\/div>\n\t\t\t\t<div class=\"elementor-element elementor-element-6fffff2 elementor-widget elementor-widget-text-editor\" data-id=\"6fffff2\" data-element_type=\"widget\" data-widget_type=\"text-editor.default\">\n\t\t\t\t<div class=\"elementor-widget-container\">\n\t\t\t\t\t\t\t\t\t<p><b>Pour nous contacter:<\/b><\/p><p>0614926485<\/p><p>fournildestjean@gmail.com<\/p><p>\u00a0<\/p>\t\t\t\t\t\t\t\t<\/div>\n\t\t\t\t<\/div>\n\t\t\t\t<div class=\"elementor-element elementor-element-0675f59 elementor-widget__width-initial elementor-widget elementor-widget-text-editor\" data-id=\"0675f59\" data-element_type=\"widget\" data-widget_type=\"text-editor.default\">\n\t\t\t\t<div class=\"elementor-widget-container\">\n\t\t\t\t\t\t\t\t\t<p>Horaires<\/p>\t\t\t\t\t\t\t\t<\/div>\n\t\t\t\t<\/div>\n\t\t\t\t<div class=\"elementor-element elementor-element-0645420 elementor-widget elementor-widget-text-editor\" data-id=\"0645420\" data-element_type=\"widget\" data-widget_type=\"text-editor.default\">\n\t\t\t\t<div class=\"elementor-widget-container\">\n\t\t\t\t\t\t\t\t\t<p>\u00a0 \u00a0 <u>Au fournil<\/u> : Lundi \/ Jeudi de 15H30 \u00e0 18H30<\/p><p>\u00a0 \u00a0 <u>A Coublevie sur la place du march\u00e9<\/u> : Lundi de 16H00 \u00e0 18H30<\/p><p style=\"text-align: left;\">\u00a0 \u00a0 <span style=\"text-decoration: underline;\">A La Buisse sur le parking de la salle polyvalente<\/span>\u00a0: Jeudi de 16H00<br \/>\u00a0 \u00a0 \u00e0 18h30<\/p>\t\t\t\t\t\t\t\t<\/div>\n\t\t\t\t<\/div>\n\t\t\t\t\t<\/div>\n\t\t<\/div>\n\t\t\t\t<div class=\"elementor-column elementor-col-50 elementor-top-column elementor-element elementor-element-d468559\" data-id=\"d468559\" data-element_type=\"column\" data-settings=\"{&quot;background_background&quot;:&quot;classic&quot;}\">\n\t\t\t<div class=\"elementor-widget-wrap elementor-element-populated\">\n\t\t\t\t\t\t<div class=\"elementor-element elementor-element-e5b6e15 elementor-widget__width-initial elementor-widget elementor-widget-google_maps\" data-id=\"e5b6e15\" data-element_type=\"widget\" data-widget_type=\"google_maps.default\">\n\t\t\t\t<div class=\"elementor-widget-container\">\n\t\t\t\t\t\t\t<div class=\"elementor-custom-embed\">\n\t\t\t<iframe loading=\"lazy\"\n\t\t\t\t\tsrc=\"https:\/\/maps.google.com\/maps?q=Fournil%20de%20St%20Jean%2C%20575%20Chemin%20des%20Nugues%2C%2038430%20Saint-Jean-de-Moirans&#038;t=m&#038;z=13&#038;output=embed&#038;iwloc=near\"\n\t\t\t\t\ttitle=\"Fournil de St Jean, 575 Chemin des Nugues, 38430 Saint-Jean-de-Moirans\"\n\t\t\t\t\taria-label=\"Fournil de St Jean, 575 Chemin des Nugues, 38430 Saint-Jean-de-Moirans\"\n\t\t\t><\/iframe>\n\t\t<\/div>\n\t\t\t\t\t\t<\/div>\n\t\t\t\t<\/div>\n\t\t\t\t\t<\/div>\n\t\t<\/div>\n\t\t\t\t\t<\/div>\n\t\t<\/section>\n\t\t\t\t<\/div>\n\t\t","protected":false},"excerpt":{"rendered":"<p>Vous souhaitez venir au fournil ou commander, vous avez une question, n&rsquo;h\u00e9sitez pas \u00e0 nous contacter ! Fournil de St Jean 575 Chemin des Nugues 38430 Saint-Jean-de-Moirans Pour nous contacter: 0614926485 fournildestjean@gmail.com Horaires Au fournil : Lundi \/ Jeudi de 15H30 \u00e0 18H30 A Coublevie sur la place du march\u00e9 : Lundi de 16H00 \u00e0 [&hellip;]<\/p>\n","protected":false},"author":1,"featured_media":0,"parent":0,"menu_order":4,"comment_status":"closed","ping_status":"closed","template":"","meta":{"ocean_post_layout":"","ocean_both_sidebars_style":"","ocean_both_sidebars_content_width":0,"ocean_both_sidebars_sidebars_width":0,"ocean_sidebar":"0","ocean_second_sidebar":"0","ocean_disable_margins":"enable","ocean_add_body_class":"","ocean_shortcode_before_top_bar":"","ocean_shortcode_after_top_bar":"","ocean_shortcode_before_header":"","ocean_shortcode_after_header":"","ocean_has_shortcode":"","ocean_shortcode_after_title":"","ocean_shortcode_before_footer_widgets":"","ocean_shortcode_after_footer_widgets":"","ocean_shortcode_before_footer_bottom":"","ocean_shortcode_after_footer_bottom":"","ocean_display_top_bar":"default","ocean_display_header":"default","ocean_header_style":"","ocean_center_header_left_menu":"0","ocean_custom_header_template":"0","ocean_custom_logo":0,"ocean_custom_retina_logo":0,"ocean_custom_logo_max_width":0,"ocean_custom_logo_tablet_max_width":0,"ocean_custom_logo_mobile_max_width":0,"ocean_custom_logo_max_height":0,"ocean_custom_logo_tablet_max_height":0,"ocean_custom_logo_mobile_max_height":0,"ocean_header_custom_menu":"0","ocean_menu_typo_font_family":"0","ocean_menu_typo_font_subset":"","ocean_menu_typo_font_size":0,"ocean_menu_typo_font_size_tablet":0,"ocean_menu_typo_font_size_mobile":0,"ocean_menu_typo_font_size_unit":"px","ocean_menu_typo_font_weight":"","ocean_menu_typo_font_weight_tablet":"","ocean_menu_typo_font_weight_mobile":"","ocean_menu_typo_transform":"","ocean_menu_typo_transform_tablet":"","ocean_menu_typo_transform_mobile":"","ocean_menu_typo_line_height":0,"ocean_menu_typo_line_height_tablet":0,"ocean_menu_typo_line_height_mobile":0,"ocean_menu_typo_line_height_unit":"","ocean_menu_typo_spacing":0,"ocean_menu_typo_spacing_tablet":0,"ocean_menu_typo_spacing_mobile":0,"ocean_menu_typo_spacing_unit":"","ocean_menu_link_color":"","ocean_menu_link_color_hover":"","ocean_menu_link_color_active":"","ocean_menu_link_background":"","ocean_menu_link_hover_background":"","ocean_menu_link_active_background":"","ocean_menu_social_links_bg":"","ocean_menu_social_hover_links_bg":"","ocean_menu_social_links_color":"","ocean_menu_social_hover_links_color":"","ocean_disable_title":"on","ocean_disable_heading":"default","ocean_post_title":"","ocean_post_subheading":"","ocean_post_title_style":"","ocean_post_title_background_color":"","ocean_post_title_background":0,"ocean_post_title_bg_image_position":"","ocean_post_title_bg_image_attachment":"","ocean_post_title_bg_image_repeat":"","ocean_post_title_bg_image_size":"","ocean_post_title_height":0,"ocean_post_title_bg_overlay":0.5,"ocean_post_title_bg_overlay_color":"","ocean_disable_breadcrumbs":"default","ocean_breadcrumbs_color":"","ocean_breadcrumbs_separator_color":"","ocean_breadcrumbs_links_color":"","ocean_breadcrumbs_links_hover_color":"","ocean_display_footer_widgets":"default","ocean_display_footer_bottom":"default","ocean_custom_footer_template":"0","footnotes":""},"class_list":["post-29","page","type-page","status-publish","hentry","entry"],"yoast_head":"<!-- This site is optimized with the Yoast SEO plugin v27.3 - https:\/\/yoast.com\/product\/yoast-seo-wordpress\/ -->\n<title>Info &amp; contact - Fournil de St Jean<\/title>\n<meta name=\"robots\" content=\"index, follow, max-snippet:-1, max-image-preview:large, max-video-preview:-1\" \/>\n<link rel=\"canonical\" href=\"https:\/\/fournildestjean.fr\/index.php\/contact\/\" \/>\n<meta property=\"og:locale\" content=\"fr_FR\" \/>\n<meta property=\"og:type\" content=\"article\" \/>\n<meta property=\"og:title\" content=\"Info &amp; contact - Fournil de St Jean\" \/>\n<meta property=\"og:description\" content=\"Vous souhaitez venir au fournil ou commander, vous avez une question, n&rsquo;h\u00e9sitez pas \u00e0 nous contacter ! Fournil de St Jean 575 Chemin des Nugues 38430 Saint-Jean-de-Moirans Pour nous contacter: 0614926485 fournildestjean@gmail.com Horaires Au fournil : Lundi \/ Jeudi de 15H30 \u00e0 18H30 A Coublevie sur la place du march\u00e9 : Lundi de 16H00 \u00e0 [&hellip;]\" \/>\n<meta property=\"og:url\" content=\"https:\/\/fournildestjean.fr\/index.php\/contact\/\" \/>\n<meta property=\"og:site_name\" content=\"Fournil de St Jean\" \/>\n<meta property=\"article:modified_time\" content=\"2023-10-05T21:15:01+00:00\" \/>\n<meta name=\"twitter:card\" content=\"summary_large_image\" \/>\n<meta name=\"twitter:label1\" content=\"Dur\u00e9e de lecture estim\u00e9e\" \/>\n\t<meta name=\"twitter:data1\" content=\"1 minute\" \/>\n<script type=\"application\/ld+json\" class=\"yoast-schema-graph\">{\"@context\":\"https:\\\/\\\/schema.org\",\"@graph\":[{\"@type\":\"WebPage\",\"@id\":\"https:\\\/\\\/fournildestjean.fr\\\/index.php\\\/contact\\\/\",\"url\":\"https:\\\/\\\/fournildestjean.fr\\\/index.php\\\/contact\\\/\",\"name\":\"Info & contact - Fournil de St Jean\",\"isPartOf\":{\"@id\":\"https:\\\/\\\/fournildestjean.fr\\\/#website\"},\"datePublished\":\"2023-06-25T15:33:13+00:00\",\"dateModified\":\"2023-10-05T21:15:01+00:00\",\"breadcrumb\":{\"@id\":\"https:\\\/\\\/fournildestjean.fr\\\/index.php\\\/contact\\\/#breadcrumb\"},\"inLanguage\":\"fr-FR\",\"potentialAction\":[{\"@type\":\"ReadAction\",\"target\":[\"https:\\\/\\\/fournildestjean.fr\\\/index.php\\\/contact\\\/\"]}]},{\"@type\":\"BreadcrumbList\",\"@id\":\"https:\\\/\\\/fournildestjean.fr\\\/index.php\\\/contact\\\/#breadcrumb\",\"itemListElement\":[{\"@type\":\"ListItem\",\"position\":1,\"name\":\"Accueil\",\"item\":\"https:\\\/\\\/fournildestjean.fr\\\/\"},{\"@type\":\"ListItem\",\"position\":2,\"name\":\"Info &#038; contact\"}]},{\"@type\":\"WebSite\",\"@id\":\"https:\\\/\\\/fournildestjean.fr\\\/#website\",\"url\":\"https:\\\/\\\/fournildestjean.fr\\\/\",\"name\":\"Fournil de St Jean\",\"description\":\"Pain biologique au levain\",\"publisher\":{\"@id\":\"https:\\\/\\\/fournildestjean.fr\\\/#organization\"},\"potentialAction\":[{\"@type\":\"SearchAction\",\"target\":{\"@type\":\"EntryPoint\",\"urlTemplate\":\"https:\\\/\\\/fournildestjean.fr\\\/?s={search_term_string}\"},\"query-input\":{\"@type\":\"PropertyValueSpecification\",\"valueRequired\":true,\"valueName\":\"search_term_string\"}}],\"inLanguage\":\"fr-FR\"},{\"@type\":\"Organization\",\"@id\":\"https:\\\/\\\/fournildestjean.fr\\\/#organization\",\"name\":\"Fournil de St Jean\",\"url\":\"https:\\\/\\\/fournildestjean.fr\\\/\",\"logo\":{\"@type\":\"ImageObject\",\"inLanguage\":\"fr-FR\",\"@id\":\"https:\\\/\\\/fournildestjean.fr\\\/#\\\/schema\\\/logo\\\/image\\\/\",\"url\":\"https:\\\/\\\/fournildestjean.fr\\\/wp-content\\\/uploads\\\/2023\\\/08\\\/logo-rogne-1.png\",\"contentUrl\":\"https:\\\/\\\/fournildestjean.fr\\\/wp-content\\\/uploads\\\/2023\\\/08\\\/logo-rogne-1.png\",\"width\":2090,\"height\":2283,\"caption\":\"Fournil de St Jean\"},\"image\":{\"@id\":\"https:\\\/\\\/fournildestjean.fr\\\/#\\\/schema\\\/logo\\\/image\\\/\"}}]}<\/script>\n<!-- \/ Yoast SEO plugin. -->","yoast_head_json":{"title":"Info & contact - Fournil de St Jean","robots":{"index":"index","follow":"follow","max-snippet":"max-snippet:-1","max-image-preview":"max-image-preview:large","max-video-preview":"max-video-preview:-1"},"canonical":"https:\/\/fournildestjean.fr\/index.php\/contact\/","og_locale":"fr_FR","og_type":"article","og_title":"Info & contact - Fournil de St Jean","og_description":"Vous souhaitez venir au fournil ou commander, vous avez une question, n&rsquo;h\u00e9sitez pas \u00e0 nous contacter ! Fournil de St Jean 575 Chemin des Nugues 38430 Saint-Jean-de-Moirans Pour nous contacter: 0614926485 fournildestjean@gmail.com Horaires Au fournil : Lundi \/ Jeudi de 15H30 \u00e0 18H30 A Coublevie sur la place du march\u00e9 : Lundi de 16H00 \u00e0 [&hellip;]","og_url":"https:\/\/fournildestjean.fr\/index.php\/contact\/","og_site_name":"Fournil de St Jean","article_modified_time":"2023-10-05T21:15:01+00:00","twitter_card":"summary_large_image","twitter_misc":{"Dur\u00e9e de lecture estim\u00e9e":"1 minute"},"schema":{"@context":"https:\/\/schema.org","@graph":[{"@type":"WebPage","@id":"https:\/\/fournildestjean.fr\/index.php\/contact\/","url":"https:\/\/fournildestjean.fr\/index.php\/contact\/","name":"Info & contact - Fournil de St Jean","isPartOf":{"@id":"https:\/\/fournildestjean.fr\/#website"},"datePublished":"2023-06-25T15:33:13+00:00","dateModified":"2023-10-05T21:15:01+00:00","breadcrumb":{"@id":"https:\/\/fournildestjean.fr\/index.php\/contact\/#breadcrumb"},"inLanguage":"fr-FR","potentialAction":[{"@type":"ReadAction","target":["https:\/\/fournildestjean.fr\/index.php\/contact\/"]}]},{"@type":"BreadcrumbList","@id":"https:\/\/fournildestjean.fr\/index.php\/contact\/#breadcrumb","itemListElement":[{"@type":"ListItem","position":1,"name":"Accueil","item":"https:\/\/fournildestjean.fr\/"},{"@type":"ListItem","position":2,"name":"Info &#038; contact"}]},{"@type":"WebSite","@id":"https:\/\/fournildestjean.fr\/#website","url":"https:\/\/fournildestjean.fr\/","name":"Fournil de St Jean","description":"Pain biologique au levain","publisher":{"@id":"https:\/\/fournildestjean.fr\/#organization"},"potentialAction":[{"@type":"SearchAction","target":{"@type":"EntryPoint","urlTemplate":"https:\/\/fournildestjean.fr\/?s={search_term_string}"},"query-input":{"@type":"PropertyValueSpecification","valueRequired":true,"valueName":"search_term_string"}}],"inLanguage":"fr-FR"},{"@type":"Organization","@id":"https:\/\/fournildestjean.fr\/#organization","name":"Fournil de St Jean","url":"https:\/\/fournildestjean.fr\/","logo":{"@type":"ImageObject","inLanguage":"fr-FR","@id":"https:\/\/fournildestjean.fr\/#\/schema\/logo\/image\/","url":"https:\/\/fournildestjean.fr\/wp-content\/uploads\/2023\/08\/logo-rogne-1.png","contentUrl":"https:\/\/fournildestjean.fr\/wp-content\/uploads\/2023\/08\/logo-rogne-1.png","width":2090,"height":2283,"caption":"Fournil de St Jean"},"image":{"@id":"https:\/\/fournildestjean.fr\/#\/schema\/logo\/image\/"}}]}},"_links":{"self":[{"href":"https:\/\/fournildestjean.fr\/index.php\/wp-json\/wp\/v2\/pages\/29","targetHints":{"allow":["GET"]}}],"collection":[{"href":"https:\/\/fournildestjean.fr\/index.php\/wp-json\/wp\/v2\/pages"}],"about":[{"href":"https:\/\/fournildestjean.fr\/index.php\/wp-json\/wp\/v2\/types\/page"}],"author":[{"embeddable":true,"href":"https:\/\/fournildestjean.fr\/index.php\/wp-json\/wp\/v2\/users\/1"}],"replies":[{"embeddable":true,"href":"https:\/\/fournildestjean.fr\/index.php\/wp-json\/wp\/v2\/comments?post=29"}],"version-history":[{"count":209,"href":"https:\/\/fournildestjean.fr\/index.php\/wp-json\/wp\/v2\/pages\/29\/revisions"}],"predecessor-version":[{"id":2032,"href":"https:\/\/fournildestjean.fr\/index.php\/wp-json\/wp\/v2\/pages\/29\/revisions\/2032"}],"wp:attachment":[{"href":"https:\/\/fournildestjean.fr\/index.php\/wp-json\/wp\/v2\/media?parent=29"}],"curies":[{"name":"wp","href":"https:\/\/api.w.org\/{rel}","templated":true}]}}