{"id":1598,"date":"2023-08-27T11:26:02","date_gmt":"2023-08-27T09:26:02","guid":{"rendered":"http:\/\/ksealie.cluster027.hosting.ovh.net\/?page_id=1598"},"modified":"2025-04-20T16:36:58","modified_gmt":"2025-04-20T14:36:58","slug":"politique-de-confidentialite","status":"publish","type":"page","link":"https:\/\/fournildestjean.fr\/index.php\/politique-de-confidentialite\/","title":{"rendered":"Politique de confidentialit\u00e9"},"content":{"rendered":"\t\t<div data-elementor-type=\"wp-page\" data-elementor-id=\"1598\" class=\"elementor elementor-1598\">\n\t\t\t\t\t\t<section class=\"elementor-section elementor-top-section elementor-element elementor-element-b4962f5 elementor-section-boxed elementor-section-height-default elementor-section-height-default\" data-id=\"b4962f5\" data-element_type=\"section\">\n\t\t\t\t\t\t<div class=\"elementor-container elementor-column-gap-default\">\n\t\t\t\t\t<div class=\"elementor-column elementor-col-100 elementor-top-column elementor-element elementor-element-46a4757\" data-id=\"46a4757\" data-element_type=\"column\">\n\t\t\t<div class=\"elementor-widget-wrap elementor-element-populated\">\n\t\t\t\t\t\t<div class=\"elementor-element elementor-element-2c0494f elementor-widget elementor-widget-heading\" data-id=\"2c0494f\" data-element_type=\"widget\" data-widget_type=\"heading.default\">\n\t\t\t\t<div class=\"elementor-widget-container\">\n\t\t\t\t\t<h2 class=\"elementor-heading-title elementor-size-default\">Politique de confidentialit\u00e9<\/h2>\t\t\t\t<\/div>\n\t\t\t\t<\/div>\n\t\t\t\t\t<\/div>\n\t\t<\/div>\n\t\t\t\t\t<\/div>\n\t\t<\/section>\n\t\t\t\t<section class=\"elementor-section elementor-top-section elementor-element elementor-element-65a2bbc elementor-section-boxed elementor-section-height-default elementor-section-height-default\" data-id=\"65a2bbc\" data-element_type=\"section\">\n\t\t\t\t\t\t<div class=\"elementor-container elementor-column-gap-default\">\n\t\t\t\t\t<div class=\"elementor-column elementor-col-100 elementor-top-column elementor-element elementor-element-fc2a4b8\" data-id=\"fc2a4b8\" data-element_type=\"column\">\n\t\t\t<div class=\"elementor-widget-wrap elementor-element-populated\">\n\t\t\t\t\t\t<div class=\"elementor-element elementor-element-8bc39e3 elementor-widget elementor-widget-text-editor\" data-id=\"8bc39e3\" data-element_type=\"widget\" data-widget_type=\"text-editor.default\">\n\t\t\t\t<div class=\"elementor-widget-container\">\n\t\t\t\t\t\t\t\t\t<h2><span style=\"color: #185e80;\"><b>1 &#8211; G\u00e9n\u00e9ralit\u00e9s<\/b><\/span><\/h2>\n<p><strong>Fournil de St Jean 38<\/strong> (dont le si\u00e8ge social est situ\u00e9 au 575 Chemin des Nugues, 38430 Saint-Jean-de-Moirans, France), en tant que responsable du traitement des donn\u00e9es personnelles, attache une grande importance \u00e0 la protection des donn\u00e9es et au respect de la vie priv\u00e9e, en conformit\u00e9 avec la l\u00e9gislation en vigueur.<\/p>\n<p>La pr\u00e9sente politique de confidentialit\u00e9 a pour but de vous informer sur les pratiques de l\u2019entreprise en mati\u00e8re de collecte et utilisation des informations que vous \u00eates amen\u00e9s \u00e0 lui fournir par le biais du site <span style=\"color: #185e80;\">internet&nbsp;www.fournildestjean.fr (ci-apr\u00e8s nomm\u00e9 le<\/span> \u00ab&nbsp;SITE&nbsp;\u00bb).<\/p>\n<h2><span style=\"color: #185e80;\"><b style=\"font-size: 27px;\">2 &#8211; Informations recueillies<\/b><\/span><\/h2>\n<p>En utilisant le SITE, vous \u00eates amen\u00e9s \u00e0 nous transmettre des informations, lorsque vous remplissez le formulaire de contact sur le SITE.<br><span style=\"font-size: 18px; background-color: var( --e-global-color-42b95c7 );\">Ces donn\u00e9es sont notamment vos nom et pr\u00e9nom, adresse e-mail et \u00e9ventuellement num\u00e9ro de t\u00e9l\u00e9phone.<br><\/span><span style=\"font-size: 18px; background-color: var( --e-global-color-42b95c7 );\">Ces donn\u00e9es personnelles ne sont pas conserv\u00e9es sur le site mais dans la messagerie <\/span><a style=\"font-size: 18px;\" href=\"mailto:fournildestjean@gmail.com\">fournildestjean@gmail.com<\/a><span style=\"font-size: 18px; background-color: var( --e-global-color-42b95c7 );\"> administr\u00e9e par le d\u00e9l\u00e9gu\u00e9 \u00e0 la protection des donn\u00e9es.<\/span><\/p>\n<p>Lorsque vous commandez en utilisant le site Souke, toutes les informations que vous fournissez sont conserv\u00e9es sur le site Souke.<\/p>\n<h2><span style=\"color: #185e80;\"><strong>3 &#8211; Utilisation de vos donn\u00e9es personnelles<\/strong><\/span><\/h2>\n<p>Nous utilisons vos donn\u00e9es uniquement afin&nbsp;:<br><span style=\"font-size: 18px; background-color: var( --e-global-color-42b95c7 );\">&#8211; de pouvoir pr\u00e9parer vos commandes (pour la vente, pour l\u2019\u00e9laboration des bons de livraisons et facturations).<br><\/span><span style=\"font-size: 18px; background-color: var( --e-global-color-42b95c7 );\">&#8211; de&nbsp;pouvoir r\u00e9pondre \u00e0 vos messages de contact ou vous recontacter si besoin.<\/span><\/p>\n<h2><span style=\"color: #185e80;\"><strong>4 &#8211; Destinataires des donn\u00e9es<\/strong><\/span><\/h2>\n<p>Les donn\u00e9es list\u00e9es ci-dessus sont exclusivement destin\u00e9es au Fournil de St Jean 38.<\/p>\n<h2><span style=\"color: #185e80;\"><strong>5 &#8211; Vos droits sur vos donn\u00e9es personnelles<\/strong><\/span><\/h2>\n<p><strong><span style=\"color: #185e80;\">5.1 Le droit d\u2019acc\u00e8s:&nbsp;<\/span><\/strong>Vous disposez du droit de recevoir une copie de vos Donn\u00e9es Personnelles en notre possession sur simple demande de votre part.<\/p>\n<p><strong style=\"font-size: 18px; background-color: var( --e-global-color-42b95c7 );\">5.2 Le droit d\u2019effacement et de rectification:&nbsp;<\/strong><span style=\"font-size: 18px; background-color: var( --e-global-color-42b95c7 );\">Vous disposez du droit de demander l\u2019effacement de vos Donn\u00e9es Personnelles et\/ou la rectification des Donn\u00e9es Personnelles erron\u00e9es ou obsol\u00e8tes.<br><\/span><span style=\"font-size: 18px; background-color: var( --e-global-color-42b95c7 );\">Merci de noter que nous sommes susceptibles de conserver certaines de vos donn\u00e9es personnelles lorsque la loi nous l\u2019impose ou lorsque nous avons un motif l\u00e9gitime de le faire&nbsp;: c\u2019est le cas par exemple des informations relatives \u00e0 vos commandes pass\u00e9es sur le site Souke et aux bons de livraisons et factures correspondantes.<\/span><\/p>\n<p><strong style=\"font-size: 18px; background-color: var( --e-global-color-42b95c7 );\">5.3 Le droit \u00e0 la limitation:<\/strong><span style=\"font-size: 18px; background-color: var( --e-global-color-42b95c7 );\"> Vous disposez du droit de limiter les traitements effectu\u00e9s sur vos Donn\u00e9es Personnelles.<br><\/span><span style=\"font-size: 18px; background-color: var( --e-global-color-42b95c7 );\">Merci de noter que ce droit ne s\u2019applique que si vous contestez l\u2019exactitude de vos Donn\u00e9es Personnelles ou en cas de traitement illicite de notre part et que vous exigez une limitation de leur utilisation plut\u00f4t qu\u2019un effacement<\/span><\/p>\n<p><strong>5.4&nbsp;Le droit \u00e0 la portabilit\u00e9:<\/strong> Vous disposez du droit de recevoir les Donn\u00e9es Personnelles que vous nous avez fournies dans un format structur\u00e9, couramment utilis\u00e9 et lisible, et le droit de les transmettre \u00e0 un autre responsable du traitement.<\/p>\n<p>Pour exercer l\u2019ensemble de ces droits, merci de vous r\u00e9f\u00e9rer \u00e0 l\u2019article 9 de la pr\u00e9sente politique de confidentialit\u00e9.<\/p>\n<h2><strong><span style=\"color: #185e80;\">6 &#8211; Charte d\u2019Utilisation des Cookies<\/span><\/strong><\/h2>\n<p><b>6.1 Qu&rsquo;est-ce qu&rsquo;un cookie ?&nbsp;<br><\/b><span style=\"font-size: 18px; background-color: var( --e-global-color-42b95c7 );\">Un cookie est un petit fichier texte d\u00e9pos\u00e9 sur votre terminal (ordinateur, tablette, mobile) lors de la visite d&rsquo;un site.<br><\/span><span style=\"font-size: 18px; background-color: var( --e-global-color-42b95c7 );\">Il a notamment pour but de collecter des informations relatives \u00e0 votre navigation sur le site afin d&rsquo;am\u00e9liorer votre exp\u00e9rience d&rsquo;utilisation du site internet et s\u00e9curiser le site internet.<\/span><\/p>\n<p><b>6.2 Quels sont les diff\u00e9rents types de cookies ?&nbsp;<br><\/b><span style=\"font-size: 18px; background-color: var( --e-global-color-42b95c7 );\">Le SITE utilise diff\u00e9rents cookies ayant diff\u00e9rents objectifs :<\/span><\/p>\n<ul>\n<li><span style=\"font-size: 18px; background-color: var( --e-global-color-42b95c7 );\">&nbsp;Les \u00ab&nbsp;Cookies essentiels&nbsp;\u00bb&nbsp;: ils ont pour finalit\u00e9 exclusive de permettre et de faciliter la communication par voie \u00e9lectronique et sont indispensables pour le bon fonctionnement du SITE.<\/span><\/li>\n<\/ul>\n<p>Les \u00ab&nbsp;Cookies d\u2019am\u00e9lioration&nbsp;\u00bb: ce sont les cookies qui permettent de collecter des donn\u00e9es purement statistiques et anonymes, pour aider notre h\u00e9bergeur \u00e0 am\u00e9liorer le fonctionnement (notamment am\u00e9lioration de la performance ou de la visibilit\u00e9 des pages par exemple) ou s\u00e9curiser les sites en d\u00e9tectant des activit\u00e9s anormales par exemple.<\/p>\n<p>Les cookies sont enregistr\u00e9s pour une dur\u00e9e maximale de&nbsp;13&nbsp;mois.<\/p>\n<p><b>6.3 Accepter ou refuser les cookies:<br><\/b><span style=\"font-size: 18px; background-color: var( --e-global-color-42b95c7 );\">En acc\u00e9dant au site, nous vous demandons votre consentement ou votre refus quant \u00e0 l\u2019utilisation des cookies utilis\u00e9s par notre SITE.<br><\/span><span style=\"font-size: 18px; background-color: var( --e-global-color-42b95c7 );\">Vous pouvez, si vous le d\u00e9sirez autoriser, bloquer ou supprimer les cookies d\u00e9pos\u00e9s sur votre terminal en param\u00e9trant les options de votre navigateur. Pour les navigateurs les plus courants, vous trouverez des indications via les liens suivants :<\/span><\/p>\n<ul>\n<li><a href=\"https:\/\/support.microsoft.com\/fr-fr\/windows\/supprimer-et-g%C3%A9rer-les-cookies-168dab11-0753-043d-7c16-ede5947fc64d\">Internet Explorer<\/a><\/li>\n<li><a href=\"https:\/\/support.apple.com\/fr-fr\/guide\/safari\/sfri11471\/mac\">Safari<\/a><\/li>\n<li><a href=\"https:\/\/support.google.com\/chrome\/answer\/95647?co=GENIE.Platform%3DDesktop&amp;hl=fr\">Chrome<\/a><\/li>\n<li><a href=\"https:\/\/support.mozilla.org\/fr\/kb\/autoriser-bloquer-cookies-preferences-sites?redirectlocale=fr&amp;redirectslug=activer-desactiver-cookies\">Firefox<\/a><\/li>\n<\/ul>\n<p>Nous tenons cependant \u00e0 vous informer que la d\u00e9sactivation d\u2019un cookie pourrait emp\u00eacher ou rendre plus difficile la navigation ou la prestation des services propos\u00e9s sur le SITE.<\/p>\n<h2><span style=\"color: #185e80;\"><strong>7 &#8211; S\u00e9curit\u00e9 des donn\u00e9es<\/strong><\/span><\/h2>\n<p>Nous mettons en \u0153uvre toutes les mesures n\u00e9cessaires pour prot\u00e9ger le SITE et ses utilisateurs, notamment contre l\u2019acc\u00e8s, la modification, la divulgation ou la destruction non autoris\u00e9e des donn\u00e9es personnelles recueillies sur le SITE.<br><span style=\"font-size: 18px; background-color: var( --e-global-color-42b95c7 );\">Pour ce faire&nbsp;:<br><\/span><span style=\"font-size: 18px; background-color: var( --e-global-color-42b95c7 );\">&#8211; Notre site utilise la technologie SSL (Secure Sockets Layer) qui est un protocole de s\u00e9curit\u00e9 qui assure la confidentialit\u00e9, l\u2019authentification et l\u2019int\u00e9grit\u00e9 des communications sur internet.<br><\/span><span style=\"font-size: 18px; background-color: var( --e-global-color-42b95c7 );\">&#8211; Seuls le pr\u00e9sident et le directeur g\u00e9n\u00e9ral de Fournil de St Jean 38 ont acc\u00e8s aux donn\u00e9es personnelles, assurant ainsi leur confidentialit\u00e9.<\/span><\/p>\n<h2><strong><span style=\"color: #185e80;\">8 &#8211; Modification de la politique de confidentialit\u00e9<\/span><\/strong><\/h2>\n<p>La pr\u00e9sente politique de confidentialit\u00e9 peut \u00eatre amen\u00e9e \u00e0 subir des modifications. Toute modification relative \u00e0 vos droits en mati\u00e8re de donn\u00e9es personnelles ne saurait \u00eatre appliqu\u00e9e sans votre consentement.<\/p>\n<h2><strong><span style=\"color: #185e80;\">9 &#8211; <\/span><\/strong><span style=\"color: #185e80;\"><strong><span style=\"color: #185e80;\">Co<\/span>ntact<\/strong><\/span><\/h2>\n<p>Pour toute question relative \u00e0 la pr\u00e9sente politique de confidentialit\u00e9 ou toute demande relative \u00e0 vos donn\u00e9es personnelles, vous pouvez nous contacter&nbsp;:<\/p>\n<p>&#8211; En remplissant le formulaire de contact en ligne<br>&#8211;&nbsp;En nous adressant un courrier \u00e0 l\u2019adresse suivante&nbsp;: Fournil de St Jean 38, 575 Chemin des Nugues, 38430 Saint-Jean-de-Moirans<br>&#8211; En passant directement au fournil \u00e0 l\u2019adresse suivante&nbsp;: Fournil de St Jean 38, 575 Chemin des Nugues, 38430 Saint-Jean-de-Moirans<\/p>\t\t\t\t\t\t\t\t<\/div>\n\t\t\t\t<\/div>\n\t\t\t\t\t<\/div>\n\t\t<\/div>\n\t\t\t\t\t<\/div>\n\t\t<\/section>\n\t\t\t\t<\/div>\n\t\t","protected":false},"excerpt":{"rendered":"<p>Politique de confidentialit\u00e9 1 &#8211; G\u00e9n\u00e9ralit\u00e9s Fournil de St Jean 38 (dont le si\u00e8ge social est situ\u00e9 au 575 Chemin des Nugues, 38430 Saint-Jean-de-Moirans, France), en tant que responsable du traitement des donn\u00e9es personnelles, attache une grande importance \u00e0 la protection des donn\u00e9es et au respect de la vie priv\u00e9e, en conformit\u00e9 avec la l\u00e9gislation [&hellip;]<\/p>\n","protected":false},"author":1,"featured_media":0,"parent":0,"menu_order":0,"comment_status":"closed","ping_status":"closed","template":"","meta":{"ocean_post_layout":"","ocean_both_sidebars_style":"","ocean_both_sidebars_content_width":0,"ocean_both_sidebars_sidebars_width":0,"ocean_sidebar":"0","ocean_second_sidebar":"0","ocean_disable_margins":"enable","ocean_add_body_class":"","ocean_shortcode_before_top_bar":"","ocean_shortcode_after_top_bar":"","ocean_shortcode_before_header":"","ocean_shortcode_after_header":"","ocean_has_shortcode":"","ocean_shortcode_after_title":"","ocean_shortcode_before_footer_widgets":"","ocean_shortcode_after_footer_widgets":"","ocean_shortcode_before_footer_bottom":"","ocean_shortcode_after_footer_bottom":"","ocean_display_top_bar":"default","ocean_display_header":"default","ocean_header_style":"","ocean_center_header_left_menu":"0","ocean_custom_header_template":"0","ocean_custom_logo":0,"ocean_custom_retina_logo":0,"ocean_custom_logo_max_width":0,"ocean_custom_logo_tablet_max_width":0,"ocean_custom_logo_mobile_max_width":0,"ocean_custom_logo_max_height":0,"ocean_custom_logo_tablet_max_height":0,"ocean_custom_logo_mobile_max_height":0,"ocean_header_custom_menu":"0","ocean_menu_typo_font_family":"0","ocean_menu_typo_font_subset":"","ocean_menu_typo_font_size":0,"ocean_menu_typo_font_size_tablet":0,"ocean_menu_typo_font_size_mobile":0,"ocean_menu_typo_font_size_unit":"px","ocean_menu_typo_font_weight":"","ocean_menu_typo_font_weight_tablet":"","ocean_menu_typo_font_weight_mobile":"","ocean_menu_typo_transform":"","ocean_menu_typo_transform_tablet":"","ocean_menu_typo_transform_mobile":"","ocean_menu_typo_line_height":0,"ocean_menu_typo_line_height_tablet":0,"ocean_menu_typo_line_height_mobile":0,"ocean_menu_typo_line_height_unit":"","ocean_menu_typo_spacing":0,"ocean_menu_typo_spacing_tablet":0,"ocean_menu_typo_spacing_mobile":0,"ocean_menu_typo_spacing_unit":"","ocean_menu_link_color":"","ocean_menu_link_color_hover":"","ocean_menu_link_color_active":"","ocean_menu_link_background":"","ocean_menu_link_hover_background":"","ocean_menu_link_active_background":"","ocean_menu_social_links_bg":"","ocean_menu_social_hover_links_bg":"","ocean_menu_social_links_color":"","ocean_menu_social_hover_links_color":"","ocean_disable_title":"on","ocean_disable_heading":"default","ocean_post_title":"","ocean_post_subheading":"","ocean_post_title_style":"","ocean_post_title_background_color":"","ocean_post_title_background":0,"ocean_post_title_bg_image_position":"","ocean_post_title_bg_image_attachment":"","ocean_post_title_bg_image_repeat":"","ocean_post_title_bg_image_size":"","ocean_post_title_height":0,"ocean_post_title_bg_overlay":0.5,"ocean_post_title_bg_overlay_color":"","ocean_disable_breadcrumbs":"default","ocean_breadcrumbs_color":"","ocean_breadcrumbs_separator_color":"","ocean_breadcrumbs_links_color":"","ocean_breadcrumbs_links_hover_color":"","ocean_display_footer_widgets":"default","ocean_display_footer_bottom":"default","ocean_custom_footer_template":"0","footnotes":""},"class_list":["post-1598","page","type-page","status-publish","hentry","entry"],"yoast_head":"<!-- This site is optimized with the Yoast SEO plugin v27.3 - https:\/\/yoast.com\/product\/yoast-seo-wordpress\/ -->\n<title>Politique de confidentialit\u00e9 - Fournil de St Jean<\/title>\n<meta name=\"robots\" content=\"index, follow, max-snippet:-1, max-image-preview:large, max-video-preview:-1\" \/>\n<link rel=\"canonical\" href=\"https:\/\/fournildestjean.fr\/index.php\/politique-de-confidentialite\/\" \/>\n<meta property=\"og:locale\" content=\"fr_FR\" \/>\n<meta property=\"og:type\" content=\"article\" \/>\n<meta property=\"og:title\" content=\"Politique de confidentialit\u00e9 - Fournil de St Jean\" \/>\n<meta property=\"og:description\" content=\"Politique de confidentialit\u00e9 1 &#8211; G\u00e9n\u00e9ralit\u00e9s Fournil de St Jean 38 (dont le si\u00e8ge social est situ\u00e9 au 575 Chemin des Nugues, 38430 Saint-Jean-de-Moirans, France), en tant que responsable du traitement des donn\u00e9es personnelles, attache une grande importance \u00e0 la protection des donn\u00e9es et au respect de la vie priv\u00e9e, en conformit\u00e9 avec la l\u00e9gislation [&hellip;]\" \/>\n<meta property=\"og:url\" content=\"https:\/\/fournildestjean.fr\/index.php\/politique-de-confidentialite\/\" \/>\n<meta property=\"og:site_name\" content=\"Fournil de St Jean\" \/>\n<meta property=\"article:modified_time\" content=\"2025-04-20T14:36:58+00:00\" \/>\n<meta name=\"twitter:card\" content=\"summary_large_image\" \/>\n<meta name=\"twitter:label1\" content=\"Dur\u00e9e de lecture estim\u00e9e\" \/>\n\t<meta name=\"twitter:data1\" content=\"5 minutes\" \/>\n<script type=\"application\/ld+json\" class=\"yoast-schema-graph\">{\"@context\":\"https:\\\/\\\/schema.org\",\"@graph\":[{\"@type\":\"WebPage\",\"@id\":\"https:\\\/\\\/fournildestjean.fr\\\/index.php\\\/politique-de-confidentialite\\\/\",\"url\":\"https:\\\/\\\/fournildestjean.fr\\\/index.php\\\/politique-de-confidentialite\\\/\",\"name\":\"Politique de confidentialit\u00e9 - Fournil de St Jean\",\"isPartOf\":{\"@id\":\"https:\\\/\\\/fournildestjean.fr\\\/#website\"},\"datePublished\":\"2023-08-27T09:26:02+00:00\",\"dateModified\":\"2025-04-20T14:36:58+00:00\",\"breadcrumb\":{\"@id\":\"https:\\\/\\\/fournildestjean.fr\\\/index.php\\\/politique-de-confidentialite\\\/#breadcrumb\"},\"inLanguage\":\"fr-FR\",\"potentialAction\":[{\"@type\":\"ReadAction\",\"target\":[\"https:\\\/\\\/fournildestjean.fr\\\/index.php\\\/politique-de-confidentialite\\\/\"]}]},{\"@type\":\"BreadcrumbList\",\"@id\":\"https:\\\/\\\/fournildestjean.fr\\\/index.php\\\/politique-de-confidentialite\\\/#breadcrumb\",\"itemListElement\":[{\"@type\":\"ListItem\",\"position\":1,\"name\":\"Accueil\",\"item\":\"https:\\\/\\\/fournildestjean.fr\\\/\"},{\"@type\":\"ListItem\",\"position\":2,\"name\":\"Politique de confidentialit\u00e9\"}]},{\"@type\":\"WebSite\",\"@id\":\"https:\\\/\\\/fournildestjean.fr\\\/#website\",\"url\":\"https:\\\/\\\/fournildestjean.fr\\\/\",\"name\":\"Fournil de St Jean\",\"description\":\"Pain biologique au levain\",\"publisher\":{\"@id\":\"https:\\\/\\\/fournildestjean.fr\\\/#organization\"},\"potentialAction\":[{\"@type\":\"SearchAction\",\"target\":{\"@type\":\"EntryPoint\",\"urlTemplate\":\"https:\\\/\\\/fournildestjean.fr\\\/?s={search_term_string}\"},\"query-input\":{\"@type\":\"PropertyValueSpecification\",\"valueRequired\":true,\"valueName\":\"search_term_string\"}}],\"inLanguage\":\"fr-FR\"},{\"@type\":\"Organization\",\"@id\":\"https:\\\/\\\/fournildestjean.fr\\\/#organization\",\"name\":\"Fournil de St Jean\",\"url\":\"https:\\\/\\\/fournildestjean.fr\\\/\",\"logo\":{\"@type\":\"ImageObject\",\"inLanguage\":\"fr-FR\",\"@id\":\"https:\\\/\\\/fournildestjean.fr\\\/#\\\/schema\\\/logo\\\/image\\\/\",\"url\":\"https:\\\/\\\/fournildestjean.fr\\\/wp-content\\\/uploads\\\/2023\\\/08\\\/logo-rogne-1.png\",\"contentUrl\":\"https:\\\/\\\/fournildestjean.fr\\\/wp-content\\\/uploads\\\/2023\\\/08\\\/logo-rogne-1.png\",\"width\":2090,\"height\":2283,\"caption\":\"Fournil de St Jean\"},\"image\":{\"@id\":\"https:\\\/\\\/fournildestjean.fr\\\/#\\\/schema\\\/logo\\\/image\\\/\"}}]}<\/script>\n<!-- \/ Yoast SEO plugin. -->","yoast_head_json":{"title":"Politique de confidentialit\u00e9 - Fournil de St Jean","robots":{"index":"index","follow":"follow","max-snippet":"max-snippet:-1","max-image-preview":"max-image-preview:large","max-video-preview":"max-video-preview:-1"},"canonical":"https:\/\/fournildestjean.fr\/index.php\/politique-de-confidentialite\/","og_locale":"fr_FR","og_type":"article","og_title":"Politique de confidentialit\u00e9 - Fournil de St Jean","og_description":"Politique de confidentialit\u00e9 1 &#8211; G\u00e9n\u00e9ralit\u00e9s Fournil de St Jean 38 (dont le si\u00e8ge social est situ\u00e9 au 575 Chemin des Nugues, 38430 Saint-Jean-de-Moirans, France), en tant que responsable du traitement des donn\u00e9es personnelles, attache une grande importance \u00e0 la protection des donn\u00e9es et au respect de la vie priv\u00e9e, en conformit\u00e9 avec la l\u00e9gislation [&hellip;]","og_url":"https:\/\/fournildestjean.fr\/index.php\/politique-de-confidentialite\/","og_site_name":"Fournil de St Jean","article_modified_time":"2025-04-20T14:36:58+00:00","twitter_card":"summary_large_image","twitter_misc":{"Dur\u00e9e de lecture estim\u00e9e":"5 minutes"},"schema":{"@context":"https:\/\/schema.org","@graph":[{"@type":"WebPage","@id":"https:\/\/fournildestjean.fr\/index.php\/politique-de-confidentialite\/","url":"https:\/\/fournildestjean.fr\/index.php\/politique-de-confidentialite\/","name":"Politique de confidentialit\u00e9 - Fournil de St Jean","isPartOf":{"@id":"https:\/\/fournildestjean.fr\/#website"},"datePublished":"2023-08-27T09:26:02+00:00","dateModified":"2025-04-20T14:36:58+00:00","breadcrumb":{"@id":"https:\/\/fournildestjean.fr\/index.php\/politique-de-confidentialite\/#breadcrumb"},"inLanguage":"fr-FR","potentialAction":[{"@type":"ReadAction","target":["https:\/\/fournildestjean.fr\/index.php\/politique-de-confidentialite\/"]}]},{"@type":"BreadcrumbList","@id":"https:\/\/fournildestjean.fr\/index.php\/politique-de-confidentialite\/#breadcrumb","itemListElement":[{"@type":"ListItem","position":1,"name":"Accueil","item":"https:\/\/fournildestjean.fr\/"},{"@type":"ListItem","position":2,"name":"Politique de confidentialit\u00e9"}]},{"@type":"WebSite","@id":"https:\/\/fournildestjean.fr\/#website","url":"https:\/\/fournildestjean.fr\/","name":"Fournil de St Jean","description":"Pain biologique au levain","publisher":{"@id":"https:\/\/fournildestjean.fr\/#organization"},"potentialAction":[{"@type":"SearchAction","target":{"@type":"EntryPoint","urlTemplate":"https:\/\/fournildestjean.fr\/?s={search_term_string}"},"query-input":{"@type":"PropertyValueSpecification","valueRequired":true,"valueName":"search_term_string"}}],"inLanguage":"fr-FR"},{"@type":"Organization","@id":"https:\/\/fournildestjean.fr\/#organization","name":"Fournil de St Jean","url":"https:\/\/fournildestjean.fr\/","logo":{"@type":"ImageObject","inLanguage":"fr-FR","@id":"https:\/\/fournildestjean.fr\/#\/schema\/logo\/image\/","url":"https:\/\/fournildestjean.fr\/wp-content\/uploads\/2023\/08\/logo-rogne-1.png","contentUrl":"https:\/\/fournildestjean.fr\/wp-content\/uploads\/2023\/08\/logo-rogne-1.png","width":2090,"height":2283,"caption":"Fournil de St Jean"},"image":{"@id":"https:\/\/fournildestjean.fr\/#\/schema\/logo\/image\/"}}]}},"_links":{"self":[{"href":"https:\/\/fournildestjean.fr\/index.php\/wp-json\/wp\/v2\/pages\/1598","targetHints":{"allow":["GET"]}}],"collection":[{"href":"https:\/\/fournildestjean.fr\/index.php\/wp-json\/wp\/v2\/pages"}],"about":[{"href":"https:\/\/fournildestjean.fr\/index.php\/wp-json\/wp\/v2\/types\/page"}],"author":[{"embeddable":true,"href":"https:\/\/fournildestjean.fr\/index.php\/wp-json\/wp\/v2\/users\/1"}],"replies":[{"embeddable":true,"href":"https:\/\/fournildestjean.fr\/index.php\/wp-json\/wp\/v2\/comments?post=1598"}],"version-history":[{"count":38,"href":"https:\/\/fournildestjean.fr\/index.php\/wp-json\/wp\/v2\/pages\/1598\/revisions"}],"predecessor-version":[{"id":2285,"href":"https:\/\/fournildestjean.fr\/index.php\/wp-json\/wp\/v2\/pages\/1598\/revisions\/2285"}],"wp:attachment":[{"href":"https:\/\/fournildestjean.fr\/index.php\/wp-json\/wp\/v2\/media?parent=1598"}],"curies":[{"name":"wp","href":"https:\/\/api.w.org\/{rel}","templated":true}]}}